{"id":11262,"date":"2022-10-24T12:20:22","date_gmt":"2022-10-24T11:20:22","guid":{"rendered":"https:\/\/www.pearsonhamgroup.com\/why-work-with-us\/"},"modified":"2025-07-29T14:49:25","modified_gmt":"2025-07-29T13:49:25","slug":"pourquoi-nous","status":"publish","type":"page","link":"https:\/\/www.pearsonhamgroup.com\/fr\/pourquoi-nous\/","title":{"rendered":"Pourquoi travailler avec nous ?"},"content":{"rendered":"","protected":false},"excerpt":{"rendered":"","protected":false},"author":4,"featured_media":0,"parent":0,"menu_order":0,"comment_status":"closed","ping_status":"closed","template":"template-flexible-row.php","meta":{"_acf_changed":false,"content-type":"","inline_featured_image":false,"footnotes":""},"class_list":["post-11262","page","type-page","status-publish","hentry"],"acf":[],"yoast_head":"<!-- This site is optimized with the Yoast SEO Premium plugin v26.7 (Yoast SEO v27.3) - https:\/\/yoast.com\/product\/yoast-seo-premium-wordpress\/ -->\n<title>Pourquoi travailler avec nous ? - Pearson Ham Group<\/title>\n<meta name=\"description\" content=\"D\u00e9couvrez la vie \u00e0 Pearson Ham \u00e0 Londres, Paris et Barcelone, et apprenez-en plus sur les raisons pour lesquelles nous sommes un endroit o\u00f9 il fait bon travailler.\" \/>\n<meta name=\"robots\" content=\"index, follow, max-snippet:-1, max-image-preview:large, max-video-preview:-1\" \/>\n<link rel=\"canonical\" href=\"https:\/\/www.pearsonhamgroup.com\/fr\/pourquoi-nous\/\" \/>\n<meta property=\"og:locale\" content=\"fr_FR\" \/>\n<meta property=\"og:type\" content=\"article\" \/>\n<meta property=\"og:title\" content=\"Pourquoi travailler avec nous ?\" \/>\n<meta property=\"og:description\" content=\"D\u00e9couvrez la vie \u00e0 Pearson Ham \u00e0 Londres, Paris et Barcelone, et apprenez-en plus sur les raisons pour lesquelles nous sommes un endroit o\u00f9 il fait bon travailler.\" \/>\n<meta property=\"og:url\" content=\"https:\/\/www.pearsonhamgroup.com\/fr\/pourquoi-nous\/\" \/>\n<meta property=\"og:site_name\" content=\"Pearson Ham Group\" \/>\n<meta property=\"article:publisher\" content=\"https:\/\/www.facebook.com\/people\/Pearson-Ham-Group\/61562850703275\/\" \/>\n<meta property=\"article:modified_time\" content=\"2025-07-29T13:49:25+00:00\" \/>\n<meta name=\"twitter:card\" content=\"summary_large_image\" \/>\n<meta name=\"twitter:site\" content=\"@PearsonHamGroup\" \/>\n<meta name=\"twitter:label1\" content=\"Dur\u00e9e de lecture estim\u00e9e\" \/>\n\t<meta name=\"twitter:data1\" content=\"5 minutes\" \/>\n<script type=\"application\/ld+json\" class=\"yoast-schema-graph\">{\"@context\":\"https:\\\/\\\/schema.org\",\"@graph\":[{\"@type\":\"WebPage\",\"@id\":\"https:\\\/\\\/www.pearsonhamgroup.com\\\/fr\\\/pourquoi-nous\\\/\",\"url\":\"https:\\\/\\\/www.pearsonhamgroup.com\\\/fr\\\/pourquoi-nous\\\/\",\"name\":\"Pourquoi travailler avec nous ? - Pearson Ham Group\",\"isPartOf\":{\"@id\":\"https:\\\/\\\/www.pearsonhamgroup.com\\\/#website\"},\"datePublished\":\"2022-10-24T11:20:22+00:00\",\"dateModified\":\"2025-07-29T13:49:25+00:00\",\"description\":\"D\u00e9couvrez la vie \u00e0 Pearson Ham \u00e0 Londres, Paris et Barcelone, et apprenez-en plus sur les raisons pour lesquelles nous sommes un endroit o\u00f9 il fait bon travailler.\",\"breadcrumb\":{\"@id\":\"https:\\\/\\\/www.pearsonhamgroup.com\\\/fr\\\/pourquoi-nous\\\/#breadcrumb\"},\"inLanguage\":\"fr-FR\",\"potentialAction\":[{\"@type\":\"ReadAction\",\"target\":[\"https:\\\/\\\/www.pearsonhamgroup.com\\\/fr\\\/pourquoi-nous\\\/\"]}]},{\"@type\":\"BreadcrumbList\",\"@id\":\"https:\\\/\\\/www.pearsonhamgroup.com\\\/fr\\\/pourquoi-nous\\\/#breadcrumb\",\"itemListElement\":[{\"@type\":\"ListItem\",\"position\":1,\"name\":\"Home\",\"item\":\"https:\\\/\\\/www.pearsonhamgroup.com\\\/fr\\\/\"},{\"@type\":\"ListItem\",\"position\":2,\"name\":\"Pourquoi travailler avec nous ?\"}]},{\"@type\":\"WebSite\",\"@id\":\"https:\\\/\\\/www.pearsonhamgroup.com\\\/#website\",\"url\":\"https:\\\/\\\/www.pearsonhamgroup.com\\\/\",\"name\":\"Pearson Ham Group\",\"description\":\"The Pricing Consultancy Specialists\",\"publisher\":{\"@id\":\"https:\\\/\\\/www.pearsonhamgroup.com\\\/#organization\"},\"potentialAction\":[{\"@type\":\"SearchAction\",\"target\":{\"@type\":\"EntryPoint\",\"urlTemplate\":\"https:\\\/\\\/www.pearsonhamgroup.com\\\/?s={search_term_string}\"},\"query-input\":{\"@type\":\"PropertyValueSpecification\",\"valueRequired\":true,\"valueName\":\"search_term_string\"}}],\"inLanguage\":\"fr-FR\"},{\"@type\":\"Organization\",\"@id\":\"https:\\\/\\\/www.pearsonhamgroup.com\\\/#organization\",\"name\":\"Pearson Ham Group\",\"url\":\"https:\\\/\\\/www.pearsonhamgroup.com\\\/\",\"logo\":{\"@type\":\"ImageObject\",\"inLanguage\":\"fr-FR\",\"@id\":\"https:\\\/\\\/www.pearsonhamgroup.com\\\/#\\\/schema\\\/logo\\\/image\\\/\",\"url\":\"https:\\\/\\\/www.pearsonhamgroup.com\\\/wp-content\\\/uploads\\\/2023\\\/10\\\/PHG_RGB-Logo_Full-Tag_Medium-1.png\",\"contentUrl\":\"https:\\\/\\\/www.pearsonhamgroup.com\\\/wp-content\\\/uploads\\\/2023\\\/10\\\/PHG_RGB-Logo_Full-Tag_Medium-1.png\",\"width\":4323,\"height\":709,\"caption\":\"Pearson Ham Group\"},\"image\":{\"@id\":\"https:\\\/\\\/www.pearsonhamgroup.com\\\/#\\\/schema\\\/logo\\\/image\\\/\"},\"sameAs\":[\"https:\\\/\\\/www.facebook.com\\\/people\\\/Pearson-Ham-Group\\\/61562850703275\\\/\",\"https:\\\/\\\/x.com\\\/PearsonHamGroup\",\"https:\\\/\\\/www.linkedin.com\\\/company\\\/pearson-ham-group\\\/posts\\\/?feedView=all\"]}]}<\/script>\n<!-- \/ Yoast SEO Premium plugin. -->","yoast_head_json":{"title":"Pourquoi travailler avec nous ? - Pearson Ham Group","description":"D\u00e9couvrez la vie \u00e0 Pearson Ham \u00e0 Londres, Paris et Barcelone, et apprenez-en plus sur les raisons pour lesquelles nous sommes un endroit o\u00f9 il fait bon travailler.","robots":{"index":"index","follow":"follow","max-snippet":"max-snippet:-1","max-image-preview":"max-image-preview:large","max-video-preview":"max-video-preview:-1"},"canonical":"https:\/\/www.pearsonhamgroup.com\/fr\/pourquoi-nous\/","og_locale":"fr_FR","og_type":"article","og_title":"Pourquoi travailler avec nous ?","og_description":"D\u00e9couvrez la vie \u00e0 Pearson Ham \u00e0 Londres, Paris et Barcelone, et apprenez-en plus sur les raisons pour lesquelles nous sommes un endroit o\u00f9 il fait bon travailler.","og_url":"https:\/\/www.pearsonhamgroup.com\/fr\/pourquoi-nous\/","og_site_name":"Pearson Ham Group","article_publisher":"https:\/\/www.facebook.com\/people\/Pearson-Ham-Group\/61562850703275\/","article_modified_time":"2025-07-29T13:49:25+00:00","twitter_card":"summary_large_image","twitter_site":"@PearsonHamGroup","twitter_misc":{"Dur\u00e9e de lecture estim\u00e9e":"5 minutes"},"schema":{"@context":"https:\/\/schema.org","@graph":[{"@type":"WebPage","@id":"https:\/\/www.pearsonhamgroup.com\/fr\/pourquoi-nous\/","url":"https:\/\/www.pearsonhamgroup.com\/fr\/pourquoi-nous\/","name":"Pourquoi travailler avec nous ? - Pearson Ham Group","isPartOf":{"@id":"https:\/\/www.pearsonhamgroup.com\/#website"},"datePublished":"2022-10-24T11:20:22+00:00","dateModified":"2025-07-29T13:49:25+00:00","description":"D\u00e9couvrez la vie \u00e0 Pearson Ham \u00e0 Londres, Paris et Barcelone, et apprenez-en plus sur les raisons pour lesquelles nous sommes un endroit o\u00f9 il fait bon travailler.","breadcrumb":{"@id":"https:\/\/www.pearsonhamgroup.com\/fr\/pourquoi-nous\/#breadcrumb"},"inLanguage":"fr-FR","potentialAction":[{"@type":"ReadAction","target":["https:\/\/www.pearsonhamgroup.com\/fr\/pourquoi-nous\/"]}]},{"@type":"BreadcrumbList","@id":"https:\/\/www.pearsonhamgroup.com\/fr\/pourquoi-nous\/#breadcrumb","itemListElement":[{"@type":"ListItem","position":1,"name":"Home","item":"https:\/\/www.pearsonhamgroup.com\/fr\/"},{"@type":"ListItem","position":2,"name":"Pourquoi travailler avec nous ?"}]},{"@type":"WebSite","@id":"https:\/\/www.pearsonhamgroup.com\/#website","url":"https:\/\/www.pearsonhamgroup.com\/","name":"Pearson Ham Group","description":"The Pricing Consultancy Specialists","publisher":{"@id":"https:\/\/www.pearsonhamgroup.com\/#organization"},"potentialAction":[{"@type":"SearchAction","target":{"@type":"EntryPoint","urlTemplate":"https:\/\/www.pearsonhamgroup.com\/?s={search_term_string}"},"query-input":{"@type":"PropertyValueSpecification","valueRequired":true,"valueName":"search_term_string"}}],"inLanguage":"fr-FR"},{"@type":"Organization","@id":"https:\/\/www.pearsonhamgroup.com\/#organization","name":"Pearson Ham Group","url":"https:\/\/www.pearsonhamgroup.com\/","logo":{"@type":"ImageObject","inLanguage":"fr-FR","@id":"https:\/\/www.pearsonhamgroup.com\/#\/schema\/logo\/image\/","url":"https:\/\/www.pearsonhamgroup.com\/wp-content\/uploads\/2023\/10\/PHG_RGB-Logo_Full-Tag_Medium-1.png","contentUrl":"https:\/\/www.pearsonhamgroup.com\/wp-content\/uploads\/2023\/10\/PHG_RGB-Logo_Full-Tag_Medium-1.png","width":4323,"height":709,"caption":"Pearson Ham Group"},"image":{"@id":"https:\/\/www.pearsonhamgroup.com\/#\/schema\/logo\/image\/"},"sameAs":["https:\/\/www.facebook.com\/people\/Pearson-Ham-Group\/61562850703275\/","https:\/\/x.com\/PearsonHamGroup","https:\/\/www.linkedin.com\/company\/pearson-ham-group\/posts\/?feedView=all"]}]}},"_links":{"self":[{"href":"https:\/\/www.pearsonhamgroup.com\/fr\/wp-json\/wp\/v2\/pages\/11262","targetHints":{"allow":["GET"]}}],"collection":[{"href":"https:\/\/www.pearsonhamgroup.com\/fr\/wp-json\/wp\/v2\/pages"}],"about":[{"href":"https:\/\/www.pearsonhamgroup.com\/fr\/wp-json\/wp\/v2\/types\/page"}],"author":[{"embeddable":true,"href":"https:\/\/www.pearsonhamgroup.com\/fr\/wp-json\/wp\/v2\/users\/4"}],"replies":[{"embeddable":true,"href":"https:\/\/www.pearsonhamgroup.com\/fr\/wp-json\/wp\/v2\/comments?post=11262"}],"version-history":[{"count":14,"href":"https:\/\/www.pearsonhamgroup.com\/fr\/wp-json\/wp\/v2\/pages\/11262\/revisions"}],"predecessor-version":[{"id":12776,"href":"https:\/\/www.pearsonhamgroup.com\/fr\/wp-json\/wp\/v2\/pages\/11262\/revisions\/12776"}],"wp:attachment":[{"href":"https:\/\/www.pearsonhamgroup.com\/fr\/wp-json\/wp\/v2\/media?parent=11262"}],"curies":[{"name":"wp","href":"https:\/\/api.w.org\/{rel}","templated":true}]}}