{"id":11338,"date":"2022-08-05T06:36:14","date_gmt":"2022-08-05T05:36:14","guid":{"rendered":"https:\/\/www.pearsonhamgroup.com\/qui-sommes-nous\/our-team\/"},"modified":"2025-08-05T15:40:17","modified_gmt":"2025-08-05T14:40:17","slug":"qui-sommes-nous","status":"publish","type":"page","link":"https:\/\/www.pearsonhamgroup.com\/fr\/notre-approche\/qui-sommes-nous\/","title":{"rendered":"L&rsquo;\u00e9quipe"},"content":{"rendered":"","protected":false},"excerpt":{"rendered":"","protected":false},"author":4,"featured_media":0,"parent":9539,"menu_order":0,"comment_status":"closed","ping_status":"closed","template":"template-flexible-row.php","meta":{"_acf_changed":false,"content-type":"","inline_featured_image":false,"footnotes":""},"class_list":["post-11338","page","type-page","status-publish","hentry"],"acf":[],"yoast_head":"<!-- This site is optimized with the Yoast SEO Premium plugin v26.7 (Yoast SEO v27.3) - https:\/\/yoast.com\/product\/yoast-seo-premium-wordpress\/ -->\n<title>Notre \u00e9quipe | Pearson Ham Pricing Consultants<\/title>\n<meta name=\"description\" content=\"Notre \u00e9quipe est compos\u00e9e d&#039;experts en mati\u00e8re de tarification, de strat\u00e9gie et d&#039;analyse, avec des ann\u00e9es d&#039;exp\u00e9rience dans le secteur.\" \/>\n<meta name=\"robots\" content=\"index, follow, max-snippet:-1, max-image-preview:large, max-video-preview:-1\" \/>\n<link rel=\"canonical\" href=\"https:\/\/www.pearsonhamgroup.com\/fr\/notre-approche\/qui-sommes-nous\/\" \/>\n<meta property=\"og:locale\" content=\"fr_FR\" \/>\n<meta property=\"og:type\" content=\"article\" \/>\n<meta property=\"og:title\" content=\"L&#039;\u00e9quipe\" \/>\n<meta property=\"og:description\" content=\"Notre \u00e9quipe est compos\u00e9e d&#039;experts en mati\u00e8re de tarification, de strat\u00e9gie et d&#039;analyse, avec des ann\u00e9es d&#039;exp\u00e9rience dans le secteur.\" \/>\n<meta property=\"og:url\" content=\"https:\/\/www.pearsonhamgroup.com\/fr\/notre-approche\/qui-sommes-nous\/\" \/>\n<meta property=\"og:site_name\" content=\"Pearson Ham Group\" \/>\n<meta property=\"article:publisher\" content=\"https:\/\/www.facebook.com\/people\/Pearson-Ham-Group\/61562850703275\/\" \/>\n<meta property=\"article:modified_time\" content=\"2025-08-05T14:40:17+00:00\" \/>\n<meta name=\"twitter:card\" content=\"summary_large_image\" \/>\n<meta name=\"twitter:site\" content=\"@PearsonHamGroup\" \/>\n<meta name=\"twitter:label1\" content=\"Dur\u00e9e de lecture estim\u00e9e\" \/>\n\t<meta name=\"twitter:data1\" content=\"3 minutes\" \/>\n<script type=\"application\/ld+json\" class=\"yoast-schema-graph\">{\"@context\":\"https:\\\/\\\/schema.org\",\"@graph\":[{\"@type\":\"WebPage\",\"@id\":\"https:\\\/\\\/www.pearsonhamgroup.com\\\/fr\\\/notre-approche\\\/qui-sommes-nous\\\/\",\"url\":\"https:\\\/\\\/www.pearsonhamgroup.com\\\/fr\\\/notre-approche\\\/qui-sommes-nous\\\/\",\"name\":\"Notre \u00e9quipe | Pearson Ham Pricing Consultants\",\"isPartOf\":{\"@id\":\"https:\\\/\\\/www.pearsonhamgroup.com\\\/#website\"},\"datePublished\":\"2022-08-05T05:36:14+00:00\",\"dateModified\":\"2025-08-05T14:40:17+00:00\",\"description\":\"Notre \u00e9quipe est compos\u00e9e d'experts en mati\u00e8re de tarification, de strat\u00e9gie et d'analyse, avec des ann\u00e9es d'exp\u00e9rience dans le secteur.\",\"breadcrumb\":{\"@id\":\"https:\\\/\\\/www.pearsonhamgroup.com\\\/fr\\\/notre-approche\\\/qui-sommes-nous\\\/#breadcrumb\"},\"inLanguage\":\"fr-FR\",\"potentialAction\":[{\"@type\":\"ReadAction\",\"target\":[\"https:\\\/\\\/www.pearsonhamgroup.com\\\/fr\\\/notre-approche\\\/qui-sommes-nous\\\/\"]}]},{\"@type\":\"BreadcrumbList\",\"@id\":\"https:\\\/\\\/www.pearsonhamgroup.com\\\/fr\\\/notre-approche\\\/qui-sommes-nous\\\/#breadcrumb\",\"itemListElement\":[{\"@type\":\"ListItem\",\"position\":1,\"name\":\"Home\",\"item\":\"https:\\\/\\\/www.pearsonhamgroup.com\\\/fr\\\/\"},{\"@type\":\"ListItem\",\"position\":2,\"name\":\"Qui sommes nous\",\"item\":\"https:\\\/\\\/www.pearsonhamgroup.com\\\/fr\\\/notre-approche\\\/\"},{\"@type\":\"ListItem\",\"position\":3,\"name\":\"L&#8217;\u00e9quipe\"}]},{\"@type\":\"WebSite\",\"@id\":\"https:\\\/\\\/www.pearsonhamgroup.com\\\/#website\",\"url\":\"https:\\\/\\\/www.pearsonhamgroup.com\\\/\",\"name\":\"Pearson Ham Group\",\"description\":\"The Pricing Consultancy Specialists\",\"publisher\":{\"@id\":\"https:\\\/\\\/www.pearsonhamgroup.com\\\/#organization\"},\"potentialAction\":[{\"@type\":\"SearchAction\",\"target\":{\"@type\":\"EntryPoint\",\"urlTemplate\":\"https:\\\/\\\/www.pearsonhamgroup.com\\\/?s={search_term_string}\"},\"query-input\":{\"@type\":\"PropertyValueSpecification\",\"valueRequired\":true,\"valueName\":\"search_term_string\"}}],\"inLanguage\":\"fr-FR\"},{\"@type\":\"Organization\",\"@id\":\"https:\\\/\\\/www.pearsonhamgroup.com\\\/#organization\",\"name\":\"Pearson Ham Group\",\"url\":\"https:\\\/\\\/www.pearsonhamgroup.com\\\/\",\"logo\":{\"@type\":\"ImageObject\",\"inLanguage\":\"fr-FR\",\"@id\":\"https:\\\/\\\/www.pearsonhamgroup.com\\\/#\\\/schema\\\/logo\\\/image\\\/\",\"url\":\"https:\\\/\\\/www.pearsonhamgroup.com\\\/wp-content\\\/uploads\\\/2023\\\/10\\\/PHG_RGB-Logo_Full-Tag_Medium-1.png\",\"contentUrl\":\"https:\\\/\\\/www.pearsonhamgroup.com\\\/wp-content\\\/uploads\\\/2023\\\/10\\\/PHG_RGB-Logo_Full-Tag_Medium-1.png\",\"width\":4323,\"height\":709,\"caption\":\"Pearson Ham Group\"},\"image\":{\"@id\":\"https:\\\/\\\/www.pearsonhamgroup.com\\\/#\\\/schema\\\/logo\\\/image\\\/\"},\"sameAs\":[\"https:\\\/\\\/www.facebook.com\\\/people\\\/Pearson-Ham-Group\\\/61562850703275\\\/\",\"https:\\\/\\\/x.com\\\/PearsonHamGroup\",\"https:\\\/\\\/www.linkedin.com\\\/company\\\/pearson-ham-group\\\/posts\\\/?feedView=all\"]}]}<\/script>\n<!-- \/ Yoast SEO Premium plugin. -->","yoast_head_json":{"title":"Notre \u00e9quipe | Pearson Ham Pricing Consultants","description":"Notre \u00e9quipe est compos\u00e9e d'experts en mati\u00e8re de tarification, de strat\u00e9gie et d'analyse, avec des ann\u00e9es d'exp\u00e9rience dans le secteur.","robots":{"index":"index","follow":"follow","max-snippet":"max-snippet:-1","max-image-preview":"max-image-preview:large","max-video-preview":"max-video-preview:-1"},"canonical":"https:\/\/www.pearsonhamgroup.com\/fr\/notre-approche\/qui-sommes-nous\/","og_locale":"fr_FR","og_type":"article","og_title":"L'\u00e9quipe","og_description":"Notre \u00e9quipe est compos\u00e9e d'experts en mati\u00e8re de tarification, de strat\u00e9gie et d'analyse, avec des ann\u00e9es d'exp\u00e9rience dans le secteur.","og_url":"https:\/\/www.pearsonhamgroup.com\/fr\/notre-approche\/qui-sommes-nous\/","og_site_name":"Pearson Ham Group","article_publisher":"https:\/\/www.facebook.com\/people\/Pearson-Ham-Group\/61562850703275\/","article_modified_time":"2025-08-05T14:40:17+00:00","twitter_card":"summary_large_image","twitter_site":"@PearsonHamGroup","twitter_misc":{"Dur\u00e9e de lecture estim\u00e9e":"3 minutes"},"schema":{"@context":"https:\/\/schema.org","@graph":[{"@type":"WebPage","@id":"https:\/\/www.pearsonhamgroup.com\/fr\/notre-approche\/qui-sommes-nous\/","url":"https:\/\/www.pearsonhamgroup.com\/fr\/notre-approche\/qui-sommes-nous\/","name":"Notre \u00e9quipe | Pearson Ham Pricing Consultants","isPartOf":{"@id":"https:\/\/www.pearsonhamgroup.com\/#website"},"datePublished":"2022-08-05T05:36:14+00:00","dateModified":"2025-08-05T14:40:17+00:00","description":"Notre \u00e9quipe est compos\u00e9e d'experts en mati\u00e8re de tarification, de strat\u00e9gie et d'analyse, avec des ann\u00e9es d'exp\u00e9rience dans le secteur.","breadcrumb":{"@id":"https:\/\/www.pearsonhamgroup.com\/fr\/notre-approche\/qui-sommes-nous\/#breadcrumb"},"inLanguage":"fr-FR","potentialAction":[{"@type":"ReadAction","target":["https:\/\/www.pearsonhamgroup.com\/fr\/notre-approche\/qui-sommes-nous\/"]}]},{"@type":"BreadcrumbList","@id":"https:\/\/www.pearsonhamgroup.com\/fr\/notre-approche\/qui-sommes-nous\/#breadcrumb","itemListElement":[{"@type":"ListItem","position":1,"name":"Home","item":"https:\/\/www.pearsonhamgroup.com\/fr\/"},{"@type":"ListItem","position":2,"name":"Qui sommes nous","item":"https:\/\/www.pearsonhamgroup.com\/fr\/notre-approche\/"},{"@type":"ListItem","position":3,"name":"L&#8217;\u00e9quipe"}]},{"@type":"WebSite","@id":"https:\/\/www.pearsonhamgroup.com\/#website","url":"https:\/\/www.pearsonhamgroup.com\/","name":"Pearson Ham Group","description":"The Pricing Consultancy Specialists","publisher":{"@id":"https:\/\/www.pearsonhamgroup.com\/#organization"},"potentialAction":[{"@type":"SearchAction","target":{"@type":"EntryPoint","urlTemplate":"https:\/\/www.pearsonhamgroup.com\/?s={search_term_string}"},"query-input":{"@type":"PropertyValueSpecification","valueRequired":true,"valueName":"search_term_string"}}],"inLanguage":"fr-FR"},{"@type":"Organization","@id":"https:\/\/www.pearsonhamgroup.com\/#organization","name":"Pearson Ham Group","url":"https:\/\/www.pearsonhamgroup.com\/","logo":{"@type":"ImageObject","inLanguage":"fr-FR","@id":"https:\/\/www.pearsonhamgroup.com\/#\/schema\/logo\/image\/","url":"https:\/\/www.pearsonhamgroup.com\/wp-content\/uploads\/2023\/10\/PHG_RGB-Logo_Full-Tag_Medium-1.png","contentUrl":"https:\/\/www.pearsonhamgroup.com\/wp-content\/uploads\/2023\/10\/PHG_RGB-Logo_Full-Tag_Medium-1.png","width":4323,"height":709,"caption":"Pearson Ham Group"},"image":{"@id":"https:\/\/www.pearsonhamgroup.com\/#\/schema\/logo\/image\/"},"sameAs":["https:\/\/www.facebook.com\/people\/Pearson-Ham-Group\/61562850703275\/","https:\/\/x.com\/PearsonHamGroup","https:\/\/www.linkedin.com\/company\/pearson-ham-group\/posts\/?feedView=all"]}]}},"_links":{"self":[{"href":"https:\/\/www.pearsonhamgroup.com\/fr\/wp-json\/wp\/v2\/pages\/11338","targetHints":{"allow":["GET"]}}],"collection":[{"href":"https:\/\/www.pearsonhamgroup.com\/fr\/wp-json\/wp\/v2\/pages"}],"about":[{"href":"https:\/\/www.pearsonhamgroup.com\/fr\/wp-json\/wp\/v2\/types\/page"}],"author":[{"embeddable":true,"href":"https:\/\/www.pearsonhamgroup.com\/fr\/wp-json\/wp\/v2\/users\/4"}],"replies":[{"embeddable":true,"href":"https:\/\/www.pearsonhamgroup.com\/fr\/wp-json\/wp\/v2\/comments?post=11338"}],"version-history":[{"count":4,"href":"https:\/\/www.pearsonhamgroup.com\/fr\/wp-json\/wp\/v2\/pages\/11338\/revisions"}],"predecessor-version":[{"id":13323,"href":"https:\/\/www.pearsonhamgroup.com\/fr\/wp-json\/wp\/v2\/pages\/11338\/revisions\/13323"}],"up":[{"embeddable":true,"href":"https:\/\/www.pearsonhamgroup.com\/fr\/wp-json\/wp\/v2\/pages\/9539"}],"wp:attachment":[{"href":"https:\/\/www.pearsonhamgroup.com\/fr\/wp-json\/wp\/v2\/media?parent=11338"}],"curies":[{"name":"wp","href":"https:\/\/api.w.org\/{rel}","templated":true}]}}