{"id":13576,"date":"2022-08-03T12:52:38","date_gmt":"2022-08-03T11:52:38","guid":{"rendered":"https:\/\/www.pearsonhamgroup.com\/consultants-en-strategie-tarifaire-pour-stimuler-la-croissance-des-marges\/"},"modified":"2025-12-01T08:46:01","modified_gmt":"2025-12-01T08:46:01","slug":"consultants-en-strategie-tarifaire-pour-stimuler-la-croissance-des-marges","status":"publish","type":"page","link":"https:\/\/www.pearsonhamgroup.com\/fr\/","title":{"rendered":"Consultants en strat\u00e9gie Pricing pour stimuler la croissance"},"content":{"rendered":"","protected":false},"excerpt":{"rendered":"","protected":false},"author":4,"featured_media":0,"parent":0,"menu_order":0,"comment_status":"closed","ping_status":"closed","template":"template-flexible-row.php","meta":{"_acf_changed":false,"content-type":"","inline_featured_image":false,"footnotes":""},"class_list":["post-13576","page","type-page","status-publish","hentry"],"acf":[],"yoast_head":"<!-- This site is optimized with the Yoast SEO Premium plugin v26.7 (Yoast SEO v27.4) - https:\/\/yoast.com\/product\/yoast-seo-premium-wordpress\/ -->\n<title>Consultants en strat\u00e9gie Pricing pour stimuler la croissance<\/title>\n<meta name=\"description\" content=\"Pearson Ham Group est un cabinet de conseil prim\u00e9 en strat\u00e9gie tarifaire. Nous aidons les entreprises \u00e0 optimiser leurs prix, am\u00e9liorer leurs marges et cr\u00e9er de la valeur durable gr\u00e2ce \u00e0 des solutions sur mesure.\" \/>\n<meta name=\"robots\" content=\"index, follow, max-snippet:-1, max-image-preview:large, max-video-preview:-1\" \/>\n<link rel=\"canonical\" href=\"https:\/\/www.pearsonhamgroup.com\/fr\/\" \/>\n<meta property=\"og:locale\" content=\"fr_FR\" \/>\n<meta property=\"og:type\" content=\"article\" \/>\n<meta property=\"og:title\" content=\"Consultants en strat\u00e9gie Pricing pour stimuler la croissance\" \/>\n<meta property=\"og:description\" content=\"Pearson Ham Group est un cabinet de conseil prim\u00e9 en strat\u00e9gie tarifaire. Nous aidons les entreprises \u00e0 optimiser leurs prix, am\u00e9liorer leurs marges et cr\u00e9er de la valeur durable gr\u00e2ce \u00e0 des solutions sur mesure.\" \/>\n<meta property=\"og:url\" content=\"https:\/\/www.pearsonhamgroup.com\/fr\/\" \/>\n<meta property=\"og:site_name\" content=\"Pearson Ham Group\" \/>\n<meta property=\"article:publisher\" content=\"https:\/\/www.facebook.com\/people\/Pearson-Ham-Group\/61562850703275\/\" \/>\n<meta property=\"article:modified_time\" content=\"2025-12-01T08:46:01+00:00\" \/>\n<meta name=\"twitter:card\" content=\"summary_large_image\" \/>\n<meta name=\"twitter:site\" content=\"@PearsonHamGroup\" \/>\n<meta name=\"twitter:label1\" content=\"Dur\u00e9e de lecture estim\u00e9e\" \/>\n\t<meta name=\"twitter:data1\" content=\"7 minutes\" \/>\n<script type=\"application\/ld+json\" class=\"yoast-schema-graph\">{\"@context\":\"https:\\\/\\\/schema.org\",\"@graph\":[{\"@type\":\"WebPage\",\"@id\":\"https:\\\/\\\/www.pearsonhamgroup.com\\\/fr\\\/\",\"url\":\"https:\\\/\\\/www.pearsonhamgroup.com\\\/fr\\\/\",\"name\":\"Consultants en strat\u00e9gie Pricing pour stimuler la croissance\",\"isPartOf\":{\"@id\":\"https:\\\/\\\/www.pearsonhamgroup.com\\\/#website\"},\"datePublished\":\"2022-08-03T11:52:38+00:00\",\"dateModified\":\"2025-12-01T08:46:01+00:00\",\"description\":\"Pearson Ham Group est un cabinet de conseil prim\u00e9 en strat\u00e9gie tarifaire. Nous aidons les entreprises \u00e0 optimiser leurs prix, am\u00e9liorer leurs marges et cr\u00e9er de la valeur durable gr\u00e2ce \u00e0 des solutions sur mesure.\",\"breadcrumb\":{\"@id\":\"https:\\\/\\\/www.pearsonhamgroup.com\\\/fr\\\/#breadcrumb\"},\"inLanguage\":\"fr-FR\",\"potentialAction\":[{\"@type\":\"ReadAction\",\"target\":[\"https:\\\/\\\/www.pearsonhamgroup.com\\\/fr\\\/\"]}]},{\"@type\":\"BreadcrumbList\",\"@id\":\"https:\\\/\\\/www.pearsonhamgroup.com\\\/fr\\\/#breadcrumb\",\"itemListElement\":[{\"@type\":\"ListItem\",\"position\":1,\"name\":\"Home\",\"item\":\"https:\\\/\\\/www.pearsonhamgroup.com\\\/fr\\\/\"},{\"@type\":\"ListItem\",\"position\":2,\"name\":\"Consultants en strat\u00e9gie Pricing pour stimuler la croissance\"}]},{\"@type\":\"WebSite\",\"@id\":\"https:\\\/\\\/www.pearsonhamgroup.com\\\/#website\",\"url\":\"https:\\\/\\\/www.pearsonhamgroup.com\\\/\",\"name\":\"Pearson Ham Group\",\"description\":\"The Pricing Consultancy Specialists\",\"publisher\":{\"@id\":\"https:\\\/\\\/www.pearsonhamgroup.com\\\/#organization\"},\"potentialAction\":[{\"@type\":\"SearchAction\",\"target\":{\"@type\":\"EntryPoint\",\"urlTemplate\":\"https:\\\/\\\/www.pearsonhamgroup.com\\\/?s={search_term_string}\"},\"query-input\":{\"@type\":\"PropertyValueSpecification\",\"valueRequired\":true,\"valueName\":\"search_term_string\"}}],\"inLanguage\":\"fr-FR\"},{\"@type\":\"Organization\",\"@id\":\"https:\\\/\\\/www.pearsonhamgroup.com\\\/#organization\",\"name\":\"Pearson Ham Group\",\"url\":\"https:\\\/\\\/www.pearsonhamgroup.com\\\/\",\"logo\":{\"@type\":\"ImageObject\",\"inLanguage\":\"fr-FR\",\"@id\":\"https:\\\/\\\/www.pearsonhamgroup.com\\\/#\\\/schema\\\/logo\\\/image\\\/\",\"url\":\"https:\\\/\\\/www.pearsonhamgroup.com\\\/wp-content\\\/uploads\\\/2023\\\/10\\\/PHG_RGB-Logo_Full-Tag_Medium-1.png\",\"contentUrl\":\"https:\\\/\\\/www.pearsonhamgroup.com\\\/wp-content\\\/uploads\\\/2023\\\/10\\\/PHG_RGB-Logo_Full-Tag_Medium-1.png\",\"width\":4323,\"height\":709,\"caption\":\"Pearson Ham Group\"},\"image\":{\"@id\":\"https:\\\/\\\/www.pearsonhamgroup.com\\\/#\\\/schema\\\/logo\\\/image\\\/\"},\"sameAs\":[\"https:\\\/\\\/www.facebook.com\\\/people\\\/Pearson-Ham-Group\\\/61562850703275\\\/\",\"https:\\\/\\\/x.com\\\/PearsonHamGroup\",\"https:\\\/\\\/www.linkedin.com\\\/company\\\/pearson-ham-group\\\/posts\\\/?feedView=all\"]}]}<\/script>\n<!-- \/ Yoast SEO Premium plugin. -->","yoast_head_json":{"title":"Consultants en strat\u00e9gie Pricing pour stimuler la croissance","description":"Pearson Ham Group est un cabinet de conseil prim\u00e9 en strat\u00e9gie tarifaire. Nous aidons les entreprises \u00e0 optimiser leurs prix, am\u00e9liorer leurs marges et cr\u00e9er de la valeur durable gr\u00e2ce \u00e0 des solutions sur mesure.","robots":{"index":"index","follow":"follow","max-snippet":"max-snippet:-1","max-image-preview":"max-image-preview:large","max-video-preview":"max-video-preview:-1"},"canonical":"https:\/\/www.pearsonhamgroup.com\/fr\/","og_locale":"fr_FR","og_type":"article","og_title":"Consultants en strat\u00e9gie Pricing pour stimuler la croissance","og_description":"Pearson Ham Group est un cabinet de conseil prim\u00e9 en strat\u00e9gie tarifaire. Nous aidons les entreprises \u00e0 optimiser leurs prix, am\u00e9liorer leurs marges et cr\u00e9er de la valeur durable gr\u00e2ce \u00e0 des solutions sur mesure.","og_url":"https:\/\/www.pearsonhamgroup.com\/fr\/","og_site_name":"Pearson Ham Group","article_publisher":"https:\/\/www.facebook.com\/people\/Pearson-Ham-Group\/61562850703275\/","article_modified_time":"2025-12-01T08:46:01+00:00","twitter_card":"summary_large_image","twitter_site":"@PearsonHamGroup","twitter_misc":{"Dur\u00e9e de lecture estim\u00e9e":"7 minutes"},"schema":{"@context":"https:\/\/schema.org","@graph":[{"@type":"WebPage","@id":"https:\/\/www.pearsonhamgroup.com\/fr\/","url":"https:\/\/www.pearsonhamgroup.com\/fr\/","name":"Consultants en strat\u00e9gie Pricing pour stimuler la croissance","isPartOf":{"@id":"https:\/\/www.pearsonhamgroup.com\/#website"},"datePublished":"2022-08-03T11:52:38+00:00","dateModified":"2025-12-01T08:46:01+00:00","description":"Pearson Ham Group est un cabinet de conseil prim\u00e9 en strat\u00e9gie tarifaire. Nous aidons les entreprises \u00e0 optimiser leurs prix, am\u00e9liorer leurs marges et cr\u00e9er de la valeur durable gr\u00e2ce \u00e0 des solutions sur mesure.","breadcrumb":{"@id":"https:\/\/www.pearsonhamgroup.com\/fr\/#breadcrumb"},"inLanguage":"fr-FR","potentialAction":[{"@type":"ReadAction","target":["https:\/\/www.pearsonhamgroup.com\/fr\/"]}]},{"@type":"BreadcrumbList","@id":"https:\/\/www.pearsonhamgroup.com\/fr\/#breadcrumb","itemListElement":[{"@type":"ListItem","position":1,"name":"Home","item":"https:\/\/www.pearsonhamgroup.com\/fr\/"},{"@type":"ListItem","position":2,"name":"Consultants en strat\u00e9gie Pricing pour stimuler la croissance"}]},{"@type":"WebSite","@id":"https:\/\/www.pearsonhamgroup.com\/#website","url":"https:\/\/www.pearsonhamgroup.com\/","name":"Pearson Ham Group","description":"The Pricing Consultancy Specialists","publisher":{"@id":"https:\/\/www.pearsonhamgroup.com\/#organization"},"potentialAction":[{"@type":"SearchAction","target":{"@type":"EntryPoint","urlTemplate":"https:\/\/www.pearsonhamgroup.com\/?s={search_term_string}"},"query-input":{"@type":"PropertyValueSpecification","valueRequired":true,"valueName":"search_term_string"}}],"inLanguage":"fr-FR"},{"@type":"Organization","@id":"https:\/\/www.pearsonhamgroup.com\/#organization","name":"Pearson Ham Group","url":"https:\/\/www.pearsonhamgroup.com\/","logo":{"@type":"ImageObject","inLanguage":"fr-FR","@id":"https:\/\/www.pearsonhamgroup.com\/#\/schema\/logo\/image\/","url":"https:\/\/www.pearsonhamgroup.com\/wp-content\/uploads\/2023\/10\/PHG_RGB-Logo_Full-Tag_Medium-1.png","contentUrl":"https:\/\/www.pearsonhamgroup.com\/wp-content\/uploads\/2023\/10\/PHG_RGB-Logo_Full-Tag_Medium-1.png","width":4323,"height":709,"caption":"Pearson Ham Group"},"image":{"@id":"https:\/\/www.pearsonhamgroup.com\/#\/schema\/logo\/image\/"},"sameAs":["https:\/\/www.facebook.com\/people\/Pearson-Ham-Group\/61562850703275\/","https:\/\/x.com\/PearsonHamGroup","https:\/\/www.linkedin.com\/company\/pearson-ham-group\/posts\/?feedView=all"]}]}},"_links":{"self":[{"href":"https:\/\/www.pearsonhamgroup.com\/fr\/wp-json\/wp\/v2\/pages\/13576","targetHints":{"allow":["GET"]}}],"collection":[{"href":"https:\/\/www.pearsonhamgroup.com\/fr\/wp-json\/wp\/v2\/pages"}],"about":[{"href":"https:\/\/www.pearsonhamgroup.com\/fr\/wp-json\/wp\/v2\/types\/page"}],"author":[{"embeddable":true,"href":"https:\/\/www.pearsonhamgroup.com\/fr\/wp-json\/wp\/v2\/users\/4"}],"replies":[{"embeddable":true,"href":"https:\/\/www.pearsonhamgroup.com\/fr\/wp-json\/wp\/v2\/comments?post=13576"}],"version-history":[{"count":11,"href":"https:\/\/www.pearsonhamgroup.com\/fr\/wp-json\/wp\/v2\/pages\/13576\/revisions"}],"predecessor-version":[{"id":13931,"href":"https:\/\/www.pearsonhamgroup.com\/fr\/wp-json\/wp\/v2\/pages\/13576\/revisions\/13931"}],"wp:attachment":[{"href":"https:\/\/www.pearsonhamgroup.com\/fr\/wp-json\/wp\/v2\/media?parent=13576"}],"curies":[{"name":"wp","href":"https:\/\/api.w.org\/{rel}","templated":true}]}}